{"id":3107,"date":"2023-07-06T09:21:28","date_gmt":"2023-07-06T12:21:28","guid":{"rendered":"https:\/\/alfalux.com.br\/?page_id=3107"},"modified":"2023-08-10T11:48:51","modified_gmt":"2023-08-10T14:48:51","slug":"sobre-nos","status":"publish","type":"page","link":"https:\/\/alfalux.com.br\/en\/sobre-nos\/","title":{"rendered":"About us"},"content":{"rendered":"<div data-elementor-type=\"wp-page\" data-elementor-id=\"3107\" class=\"elementor elementor-3107\" data-elementor-post-type=\"page\">\n\t\t\t\t\t\t<section class=\"elementor-section elementor-top-section elementor-element elementor-element-d936461 elementor-section-boxed elementor-section-height-default elementor-section-height-default\" data-id=\"d936461\" data-element_type=\"section\">\n\t\t\t\t\t\t<div class=\"elementor-container elementor-column-gap-wider\">\n\t\t\t\t\t<div class=\"elementor-column elementor-col-50 elementor-top-column elementor-element elementor-element-d6cb1f9\" data-id=\"d6cb1f9\" data-element_type=\"column\">\n\t\t\t<div class=\"elementor-widget-wrap elementor-element-populated\">\n\t\t\t\t\t\t<div class=\"elementor-element elementor-element-564318e elementor-widget elementor-widget-heading\" data-id=\"564318e\" data-element_type=\"widget\" data-widget_type=\"heading.default\">\n\t\t\t\t<div class=\"elementor-widget-container\">\n\t\t\t\t\t<h1 class=\"elementor-heading-title elementor-size-default\">About us<\/h1>\t\t\t\t<\/div>\n\t\t\t\t<\/div>\n\t\t\t\t<div class=\"elementor-element elementor-element-e8d241d elementor-widget elementor-widget-video\" data-id=\"e8d241d\" data-element_type=\"widget\" data-settings=\"{&quot;youtube_url&quot;:&quot;https:\\\/\\\/www.youtube.com\\\/watch?v=66vl8jS-nvk&quot;,&quot;sticky&quot;:&quot;top&quot;,&quot;sticky_on&quot;:[&quot;desktop&quot;,&quot;tablet&quot;],&quot;sticky_offset&quot;:100,&quot;sticky_parent&quot;:&quot;yes&quot;,&quot;video_type&quot;:&quot;youtube&quot;,&quot;controls&quot;:&quot;yes&quot;,&quot;sticky_effects_offset&quot;:0,&quot;sticky_anchor_link_offset&quot;:0}\" data-widget_type=\"video.default\">\n\t\t\t\t<div class=\"elementor-widget-container\">\n\t\t\t\t\t\t\t<div class=\"elementor-wrapper elementor-open-inline\">\n\t\t\t<div class=\"elementor-video\"><\/div>\t\t<\/div>\n\t\t\t\t\t\t<\/div>\n\t\t\t\t<\/div>\n\t\t\t\t\t<\/div>\n\t\t<\/div>\n\t\t\t\t<div class=\"elementor-column elementor-col-50 elementor-top-column elementor-element elementor-element-d3f97c0\" data-id=\"d3f97c0\" data-element_type=\"column\">\n\t\t\t<div class=\"elementor-widget-wrap elementor-element-populated\">\n\t\t\t\t\t\t<div class=\"elementor-element elementor-element-2d7d044 elementor-widget elementor-widget-text-editor\" data-id=\"2d7d044\" data-element_type=\"widget\" data-widget_type=\"text-editor.default\">\n\t\t\t\t<div class=\"elementor-widget-container\">\n\t\t\t\t\t\t\t\t\t<p>O grupo ALFALUX Ilumina\u00e7\u00e3o atua no mercado&nbsp; h\u00e1 mais de 20 anos. Nasceu como uma empresa familiar com o objetivo de distribuir, com qualidade, competitividade e atendimento personalizado, lumin\u00e1rias comerciais, decorativas, industriais e espec\u00edficas para seus clientes.<\/p>\n<p>Hoje, com a evolu\u00e7\u00e3o cont\u00ednua da tecnologia e de nossa linha de produtos, a ALFALUX mant\u00e9m-se sempre atualizada para melhor atender \u00e0s demandas crescentes, expandindo e ampliando sua atua\u00e7\u00e3o no mercado, sem abrir m\u00e3o de seus valores e da sua tradi\u00e7\u00e3o. Al\u00e9m de nosso diversificado portf\u00f3lio de lumin\u00e1rias, aliado \u00e0s \u00faltimas tend\u00eancias mundiais em ilumina\u00e7\u00e3o, nos diferenciamos pela produ\u00e7\u00e3o de produtos customizados, visando atender \u00e0s especifica\u00e7\u00f5es e particularidades t\u00e9cnicas de cada projeto.<\/p>\n<p>Nossas motiva\u00e7\u00f5es s\u00e3o: a solu\u00e7\u00e3o de projetos luminot\u00e9cnicos, o relacionamento com nossos clientes e a confian\u00e7a em nossa equipe multidisciplinar, sempre em constante aperfei\u00e7oamento e evolu\u00e7\u00e3o, inovando e buscando solu\u00e7\u00f5es. Contamos com uma equipe comercial especializada, oferecendo suporte e assessoria durante o desenvolvimento de cases e propostas comerciais, sugerindo modelos de lumin\u00e1rias para as mais diversas aplica\u00e7\u00f5es, tanto em tecnologias convencionais como a mais avan\u00e7ada tecnologia em LED.<\/p>\t\t\t\t\t\t\t\t<\/div>\n\t\t\t\t<\/div>\n\t\t\t\t\t<\/div>\n\t\t<\/div>\n\t\t\t\t\t<\/div>\n\t\t<\/section>\n\t\t\t\t<section class=\"elementor-section elementor-top-section elementor-element elementor-element-d26a790 elementor-section-content-middle elementor-section-boxed elementor-section-height-default elementor-section-height-default\" data-id=\"d26a790\" data-element_type=\"section\">\n\t\t\t\t\t\t<div class=\"elementor-container elementor-column-gap-wider\">\n\t\t\t\t\t<div class=\"elementor-column elementor-col-50 elementor-top-column elementor-element elementor-element-d499c1b\" data-id=\"d499c1b\" data-element_type=\"column\">\n\t\t\t<div class=\"elementor-widget-wrap elementor-element-populated\">\n\t\t\t\t\t\t<div class=\"elementor-element elementor-element-d89199f elementor-widget elementor-widget-heading\" data-id=\"d89199f\" data-element_type=\"widget\" data-widget_type=\"heading.default\">\n\t\t\t\t<div class=\"elementor-widget-container\">\n\t\t\t\t\t<h1 class=\"elementor-heading-title elementor-size-default\">Nosso labotat\u00f3rio<\/h1>\t\t\t\t<\/div>\n\t\t\t\t<\/div>\n\t\t\t\t<div class=\"elementor-element elementor-element-d51092d elementor-widget elementor-widget-text-editor\" data-id=\"d51092d\" data-element_type=\"widget\" data-widget_type=\"text-editor.default\">\n\t\t\t\t<div class=\"elementor-widget-container\">\n\t\t\t\t\t\t\t\t\t<p>Nosso laborat\u00f3rio de fotometria conta com equipamentos modernos e totalmente controlados atrav\u00e9s de softwares. Foi constru\u00eddo seguindo os mais rigorosos padr\u00f5es de qualidade e normas internacionais, tudo isso para garantir precis\u00e3o e confiabilidade em nossas medi\u00e7\u00f5es, proporcionando total seguran\u00e7a aos especificadores. Nosso relat\u00f3rio fotom\u00e9trico \u00e9 gerado de forma completa, abrangendo tudo que \u00e9 necess\u00e1rio para o projeto luminot\u00e9cnico, bem como distribui\u00e7\u00e3o de intensidades, tabela de UGR, Isolux, todos os dados el\u00e9tricos, etc. Aqui tamb\u00e9m s\u00e3o feitos os testes de colorimetria com espectrorradi\u00f4metro e ensaios de temperatura para validar a vida \u00fatil de nossas lumin\u00e1rias de acordo com as especifica\u00e7\u00f5es dos LEDs e seus respectivos relat\u00f3rios do LM80 e TM21.<\/p>\t\t\t\t\t\t\t\t<\/div>\n\t\t\t\t<\/div>\n\t\t\t\t\t<\/div>\n\t\t<\/div>\n\t\t\t\t<div class=\"elementor-column elementor-col-50 elementor-top-column elementor-element elementor-element-0be99f2\" data-id=\"0be99f2\" data-element_type=\"column\">\n\t\t\t<div class=\"elementor-widget-wrap elementor-element-populated\">\n\t\t\t\t\t\t<div class=\"elementor-element elementor-element-a858173 elementor-widget elementor-widget-image\" data-id=\"a858173\" data-element_type=\"widget\" data-widget_type=\"image.default\">\n\t\t\t\t<div class=\"elementor-widget-container\">\n\t\t\t\t\t\t\t\t\t\t\t\t\t\t\t<img fetchpriority=\"high\" decoding=\"async\" width=\"1024\" height=\"768\" src=\"https:\/\/alfalux.com.br\/wp-content\/uploads\/2023\/05\/LABORATORIO-1024x768.jpg\" class=\"attachment-large size-large wp-image-3267\" alt=\"\" srcset=\"https:\/\/alfalux.com.br\/wp-content\/uploads\/2023\/05\/LABORATORIO-1024x768.jpg 1024w, https:\/\/alfalux.com.br\/wp-content\/uploads\/2023\/05\/LABORATORIO-300x225.jpg 300w, https:\/\/alfalux.com.br\/wp-content\/uploads\/2023\/05\/LABORATORIO-768x576.jpg 768w, https:\/\/alfalux.com.br\/wp-content\/uploads\/2023\/05\/LABORATORIO-1536x1152.jpg 1536w, https:\/\/alfalux.com.br\/wp-content\/uploads\/2023\/05\/LABORATORIO-2048x1536.jpg 2048w, https:\/\/alfalux.com.br\/wp-content\/uploads\/2023\/05\/LABORATORIO-scaled.jpg 1900w\" sizes=\"(max-width: 1024px) 100vw, 1024px\" \/>\t\t\t\t\t\t\t\t\t\t\t\t\t\t\t<\/div>\n\t\t\t\t<\/div>\n\t\t\t\t\t<\/div>\n\t\t<\/div>\n\t\t\t\t\t<\/div>\n\t\t<\/section>\n\t\t\t\t<\/div>","protected":false},"excerpt":{"rendered":"<p>https:\/\/www.youtube.com\/watch?v=66vl8jS-nvk O grupo ALFALUX Ilumina\u00e7\u00e3o atua no mercado&nbsp; h\u00e1 mais de 20 anos. Nasceu como uma empresa familiar com o objetivo de distribuir, com qualidade, competitividade e atendimento personalizado, lumin\u00e1rias comerciais, decorativas, industriais e espec\u00edficas para seus clientes. Hoje, com a evolu\u00e7\u00e3o cont\u00ednua da tecnologia e de nossa linha de produtos, a ALFALUX mant\u00e9m-se sempre &hellip;<\/p>\n<p class=\"read-more\"> <a class=\"\" href=\"https:\/\/alfalux.com.br\/en\/sobre-nos\/\"> <span class=\"screen-reader-text\">About us<\/span> Read More &raquo;<\/a><\/p>","protected":false},"author":1,"featured_media":2784,"parent":0,"menu_order":3,"comment_status":"closed","ping_status":"closed","template":"","meta":{"site-sidebar-layout":"no-sidebar","site-content-layout":"page-builder","ast-global-header-display":"","ast-banner-title-visibility":"","ast-main-header-display":"","ast-hfb-above-header-display":"","ast-hfb-below-header-display":"","ast-hfb-mobile-header-display":"","site-post-title":"disabled","ast-breadcrumbs-content":"","ast-featured-img":"disabled","footer-sml-layout":"","theme-transparent-header-meta":"","adv-header-id-meta":"","stick-header-meta":"","header-above-stick-meta":"","header-main-stick-meta":"","header-below-stick-meta":"","footnotes":"","_wp_rev_ctl_limit":""},"class_list":["post-3107","page","type-page","status-publish","has-post-thumbnail","hentry"],"_links":{"self":[{"href":"https:\/\/alfalux.com.br\/en\/wp-json\/wp\/v2\/pages\/3107","targetHints":{"allow":["GET"]}}],"collection":[{"href":"https:\/\/alfalux.com.br\/en\/wp-json\/wp\/v2\/pages"}],"about":[{"href":"https:\/\/alfalux.com.br\/en\/wp-json\/wp\/v2\/types\/page"}],"author":[{"embeddable":true,"href":"https:\/\/alfalux.com.br\/en\/wp-json\/wp\/v2\/users\/1"}],"replies":[{"embeddable":true,"href":"https:\/\/alfalux.com.br\/en\/wp-json\/wp\/v2\/comments?post=3107"}],"version-history":[{"count":0,"href":"https:\/\/alfalux.com.br\/en\/wp-json\/wp\/v2\/pages\/3107\/revisions"}],"wp:featuredmedia":[{"embeddable":true,"href":"https:\/\/alfalux.com.br\/en\/wp-json\/wp\/v2\/media\/2784"}],"wp:attachment":[{"href":"https:\/\/alfalux.com.br\/en\/wp-json\/wp\/v2\/media?parent=3107"}],"curies":[{"name":"wp","href":"https:\/\/api.w.org\/{rel}","templated":true}]}}