{"id":3109,"date":"2023-07-06T09:22:08","date_gmt":"2023-07-06T12:22:08","guid":{"rendered":"https:\/\/alfalux.com.br\/?page_id=3109"},"modified":"2025-09-09T14:05:20","modified_gmt":"2025-09-09T17:05:20","slug":"home-2","status":"publish","type":"page","link":"https:\/\/alfalux.com.br\/en\/blog\/","title":{"rendered":"Blog"},"content":{"rendered":"<div data-elementor-type=\"wp-page\" data-elementor-id=\"3109\" class=\"elementor elementor-3109\" data-elementor-post-type=\"page\">\n\t\t\t\t\t\t<section class=\"elementor-section elementor-top-section elementor-element elementor-element-2f66e4e elementor-section-boxed elementor-section-height-default elementor-section-height-default\" data-id=\"2f66e4e\" data-element_type=\"section\">\n\t\t\t\t\t\t<div class=\"elementor-container elementor-column-gap-default\">\n\t\t\t\t\t<div class=\"elementor-column elementor-col-100 elementor-top-column elementor-element elementor-element-41dba8f\" data-id=\"41dba8f\" data-element_type=\"column\">\n\t\t\t<div class=\"elementor-widget-wrap elementor-element-populated\">\n\t\t\t\t\t\t<div class=\"elementor-element elementor-element-f2faf90 elementor-widget elementor-widget-heading\" data-id=\"f2faf90\" data-element_type=\"widget\" data-widget_type=\"heading.default\">\n\t\t\t\t<div class=\"elementor-widget-container\">\n\t\t\t\t\t<h1 class=\"elementor-heading-title elementor-size-default\">Blog<\/h1>\t\t\t\t<\/div>\n\t\t\t\t<\/div>\n\t\t\t\t<div class=\"elementor-element elementor-element-df19d6b elementor-widget elementor-widget-posts\" data-id=\"df19d6b\" data-element_type=\"widget\" data-settings=\"{&quot;full_content_row_gap&quot;:{&quot;unit&quot;:&quot;px&quot;,&quot;size&quot;:41,&quot;sizes&quot;:[]},&quot;pagination_type&quot;:&quot;numbers&quot;}\" data-widget_type=\"posts.full_content\">\n\t\t\t\t<div class=\"elementor-widget-container\">\n\t\t\t\t\t\t\t<div class=\"elementor-posts-container elementor-posts elementor-posts--skin-full_content elementor-grid\">\n\t\t\t\t<article class=\"elementor-post elementor-grid-item post-4076 post type-post status-publish format-standard has-post-thumbnail hentry category-sem-categoria\">\n\t\t\t\t<div class=\"elementor-post__text\">\n\t\t\t\t<h6 class=\"elementor-post__title\">\n\t\t\t<a href=\"https:\/\/alfalux.com.br\/en\/alfalux-select-collection-2026\/\">\n\t\t\t\tAlfalux Select Collection 2026\t\t\t<\/a>\n\t\t<\/h6>\n\t\t\t\t<div class=\"elementor-post__meta-data\">\n\t\t\t\t\t<span class=\"elementor-post-date\">\n\t\t\t23 de January de 2026\t\t<\/span>\n\t\t\t\t<span class=\"elementor-post-avatar\">\n\t\t\tNo Comments\t\t<\/span>\n\t\t\t\t<\/div>\n\t\t\n<figure class=\"wp-block-image size-large\"><img decoding=\"async\" src=\"https:\/\/alfalux.com.br\/wp-content\/uploads\/2026\/01\/BANNER-SITE-Oriente-1024x383.png\" alt=\"\" class=\"wp-image-4074\"\/><\/figure>\n\n\n\n<p><\/p>\n\n\n\n<p>A <strong>Alfalux Select Collection 2026<\/strong> re\u00fane solu\u00e7\u00f5es de ilumina\u00e7\u00e3o t\u00e9cnica desenvolvidas para atender projetos que valorizam desempenho, precis\u00e3o e est\u00e9tica refinada.<\/p>\n\n\n\n<p>O <strong>arquivo digital da cole\u00e7\u00e3o est\u00e1 dispon\u00edvel para download<\/strong>, reunindo em um \u00fanico material o portf\u00f3lio completo da linha Select, com informa\u00e7\u00f5es t\u00e9cnicas detalhadas que auxiliam arquitetos, lighting designers e especificadores no desenvolvimento de projetos luminot\u00e9cnicos.<\/p>\n\n\n\n<p>A cole\u00e7\u00e3o apresenta produtos voltados para ambientes corporativos, comerciais, industriais e institucionais, combinando engenharia de ponta, conforto visual, efici\u00eancia e confiabilidade.<\/p>\n\n\n\n\n\n<ul class=\"wp-block-list\">\n<li>A apresenta\u00e7\u00e3o completa da <strong>linha Select<\/strong>;<\/li>\n\n\n\n<li>O lan\u00e7amento da <strong>Linha Oriente<\/strong>;<\/li>\n\n\n\n<li>Dados t\u00e9cnicos da linha;<\/li>\n\n\n\n<li>Solu\u00e7\u00f5es vers\u00e1teis para embutir, sobrepor, trilho e frame.<\/li>\n<\/ul>\n\n\n\n<p>O arquivo foi concebido como uma ferramenta de consulta t\u00e9cnica, facilitando a especifica\u00e7\u00e3o e a tomada de decis\u00e3o em projetos que exigem alto n\u00edvel de qualidade luminot\u00e9cnica.<\/p>\n\n\n\n<p><a href=\"https:\/\/drive.google.com\/file\/d\/1oDfGHiqdGiFQdEaJjgghCzcN_COLdTaj\/view?usp=sharing\" data-type=\"link\" data-id=\"https:\/\/drive.google.com\/file\/d\/1oDfGHiqdGiFQdEaJjgghCzcN_COLdTaj\/view?usp=sharing\" target=\"_blank\" rel=\"noopener\">Download do arquivo.<\/a><\/p>\n\n\n\n<p><\/p>\n\t\t<\/div>\n\t\t\t\t<\/article>\n\t\t\t\t<article class=\"elementor-post elementor-grid-item post-3888 post type-post status-publish format-standard has-post-thumbnail hentry category-sem-categoria\">\n\t\t\t\t<div class=\"elementor-post__text\">\n\t\t\t\t<h6 class=\"elementor-post__title\">\n\t\t\t<a href=\"https:\/\/alfalux.com.br\/en\/alfalux-apresenta-onion-a-luminaria-exclusiva-inspirada-na-blooming-onion-do-outback\/\">\n\t\t\t\tAlfalux presents Onion - the exclusive luminaire inspired by Outback's Blooming Onion\t\t\t<\/a>\n\t\t<\/h6>\n\t\t\t\t<div class=\"elementor-post__meta-data\">\n\t\t\t\t\t<span class=\"elementor-post-date\">\n\t\t\tJune 27th, 2025\t\t<\/span>\n\t\t\t\t<span class=\"elementor-post-avatar\">\n\t\t\tNo Comments\t\t<\/span>\n\t\t\t\t<\/div>\n\t\t\n<figure class=\"wp-block-image alignfull size-full\"><img fetchpriority=\"high\" decoding=\"async\" width=\"841\" height=\"506\" src=\"https:\/\/alfalux.com.br\/wp-content\/uploads\/2025\/06\/WhatsApp-Image-2025-06-27-at-09.35.53.jpeg\" alt=\"\" class=\"wp-image-3889\" srcset=\"https:\/\/alfalux.com.br\/wp-content\/uploads\/2025\/06\/WhatsApp-Image-2025-06-27-at-09.35.53.jpeg 841w, https:\/\/alfalux.com.br\/wp-content\/uploads\/2025\/06\/WhatsApp-Image-2025-06-27-at-09.35.53-300x180.jpeg 300w, https:\/\/alfalux.com.br\/wp-content\/uploads\/2025\/06\/WhatsApp-Image-2025-06-27-at-09.35.53-768x462.jpeg 768w\" sizes=\"(max-width: 841px) 100vw, 841px\" \/><\/figure>\n\n\n\n<p>Inspired by the iconic and delicious Blooming Onion, Outback Steakhouse's famous crispy onion, Alfalux Lighting proudly presents the Onion luminaire. Developed by the customized products arm of our development team, the Onion was created exclusively for the Outback restaurant chain, translating into light all the emotional identity that connects the restaurant to its customers.<\/p>\n\n\n\n<p>The Onion is not just a luminaire: it is a sensory experience that evokes memories and arouses emotions. Its unique design reproduces the lush, voluminous layers of the Blooming Onion, creating warm, cozy and surprising light effects that make every meal even more memorable. Produced with high-quality materials and state-of-the-art technology, the Onion combines striking aesthetics with luminous efficiency, contributing to the welcoming and enveloping atmosphere characteristic of Outback.<\/p>\n\n\n\n<p>More than just lighting, the Onion luminaire reinforces the concept of emotional design, bringing an exclusive piece to Outback's environments, designed to offer personality and connection to the special moments experienced by each customer. Alfalux thus reaffirms its commitment to developing customized solutions that combine creativity, functionality and brand identity, transforming lighting projects into unique experiences.<\/p>\n\n\n\n<figure class=\"wp-block-gallery has-nested-images columns-default is-cropped wp-block-gallery-1 is-layout-flex wp-block-gallery-is-layout-flex\">\n<figure class=\"wp-block-image size-large\"><img decoding=\"async\" width=\"478\" height=\"1024\" data-id=\"3894\" src=\"https:\/\/alfalux.com.br\/wp-content\/uploads\/2025\/06\/WhatsApp-Image-2025-06-27-at-09.35.53-1-478x1024.jpeg\" alt=\"\" class=\"wp-image-3894\" srcset=\"https:\/\/alfalux.com.br\/wp-content\/uploads\/2025\/06\/WhatsApp-Image-2025-06-27-at-09.35.53-1-478x1024.jpeg 478w, https:\/\/alfalux.com.br\/wp-content\/uploads\/2025\/06\/WhatsApp-Image-2025-06-27-at-09.35.53-1-140x300.jpeg 140w, https:\/\/alfalux.com.br\/wp-content\/uploads\/2025\/06\/WhatsApp-Image-2025-06-27-at-09.35.53-1-768x1645.jpeg 768w, https:\/\/alfalux.com.br\/wp-content\/uploads\/2025\/06\/WhatsApp-Image-2025-06-27-at-09.35.53-1-717x1536.jpeg 717w, https:\/\/alfalux.com.br\/wp-content\/uploads\/2025\/06\/WhatsApp-Image-2025-06-27-at-09.35.53-1-956x2048.jpeg 956w, https:\/\/alfalux.com.br\/wp-content\/uploads\/2025\/06\/WhatsApp-Image-2025-06-27-at-09.35.53-1-scaled.jpeg 887w\" sizes=\"(max-width: 478px) 100vw, 478px\" \/><\/figure>\n\n\n\n<figure class=\"wp-block-image size-large\"><img decoding=\"async\" width=\"478\" height=\"1024\" data-id=\"3896\" src=\"https:\/\/alfalux.com.br\/wp-content\/uploads\/2025\/06\/WhatsApp-Image-2025-06-27-at-09.35.53-2-2-478x1024.jpeg\" alt=\"\" class=\"wp-image-3896\" srcset=\"https:\/\/alfalux.com.br\/wp-content\/uploads\/2025\/06\/WhatsApp-Image-2025-06-27-at-09.35.53-2-2-478x1024.jpeg 478w, https:\/\/alfalux.com.br\/wp-content\/uploads\/2025\/06\/WhatsApp-Image-2025-06-27-at-09.35.53-2-2-140x300.jpeg 140w, https:\/\/alfalux.com.br\/wp-content\/uploads\/2025\/06\/WhatsApp-Image-2025-06-27-at-09.35.53-2-2-768x1645.jpeg 768w, https:\/\/alfalux.com.br\/wp-content\/uploads\/2025\/06\/WhatsApp-Image-2025-06-27-at-09.35.53-2-2-717x1536.jpeg 717w, https:\/\/alfalux.com.br\/wp-content\/uploads\/2025\/06\/WhatsApp-Image-2025-06-27-at-09.35.53-2-2-956x2048.jpeg 956w, https:\/\/alfalux.com.br\/wp-content\/uploads\/2025\/06\/WhatsApp-Image-2025-06-27-at-09.35.53-2-2-scaled.jpeg 887w\" sizes=\"(max-width: 478px) 100vw, 478px\" \/><\/figure>\n\n\n\n<figure class=\"wp-block-image size-large\"><img loading=\"lazy\" decoding=\"async\" width=\"479\" height=\"1024\" data-id=\"3892\" src=\"https:\/\/alfalux.com.br\/wp-content\/uploads\/2025\/06\/WhatsApp-Image-2025-06-27-at-09.36.49-479x1024.jpeg\" alt=\"\" class=\"wp-image-3892\" srcset=\"https:\/\/alfalux.com.br\/wp-content\/uploads\/2025\/06\/WhatsApp-Image-2025-06-27-at-09.36.49-479x1024.jpeg 479w, https:\/\/alfalux.com.br\/wp-content\/uploads\/2025\/06\/WhatsApp-Image-2025-06-27-at-09.36.49-140x300.jpeg 140w, https:\/\/alfalux.com.br\/wp-content\/uploads\/2025\/06\/WhatsApp-Image-2025-06-27-at-09.36.49-718x1536.jpeg 718w, https:\/\/alfalux.com.br\/wp-content\/uploads\/2025\/06\/WhatsApp-Image-2025-06-27-at-09.36.49.jpeg 748w\" sizes=\"auto, (max-width: 479px) 100vw, 479px\" \/><\/figure>\n\n\n\n<figure class=\"wp-block-image size-large\"><img loading=\"lazy\" decoding=\"async\" width=\"478\" height=\"1024\" data-id=\"3890\" src=\"https:\/\/alfalux.com.br\/wp-content\/uploads\/2025\/06\/WhatsApp-Image-2025-06-27-at-09.37.06-478x1024.jpeg\" alt=\"\" class=\"wp-image-3890\" srcset=\"https:\/\/alfalux.com.br\/wp-content\/uploads\/2025\/06\/WhatsApp-Image-2025-06-27-at-09.37.06-478x1024.jpeg 478w, https:\/\/alfalux.com.br\/wp-content\/uploads\/2025\/06\/WhatsApp-Image-2025-06-27-at-09.37.06-140x300.jpeg 140w, https:\/\/alfalux.com.br\/wp-content\/uploads\/2025\/06\/WhatsApp-Image-2025-06-27-at-09.37.06-717x1536.jpeg 717w, https:\/\/alfalux.com.br\/wp-content\/uploads\/2025\/06\/WhatsApp-Image-2025-06-27-at-09.37.06.jpeg 747w\" sizes=\"auto, (max-width: 478px) 100vw, 478px\" \/><\/figure>\n\n\n\n<figure class=\"wp-block-image size-large\"><img loading=\"lazy\" decoding=\"async\" width=\"478\" height=\"1024\" data-id=\"3891\" src=\"https:\/\/alfalux.com.br\/wp-content\/uploads\/2025\/06\/WhatsApp-Image-2025-06-27-at-09.37.17-478x1024.jpeg\" alt=\"\" class=\"wp-image-3891\" srcset=\"https:\/\/alfalux.com.br\/wp-content\/uploads\/2025\/06\/WhatsApp-Image-2025-06-27-at-09.37.17-478x1024.jpeg 478w, https:\/\/alfalux.com.br\/wp-content\/uploads\/2025\/06\/WhatsApp-Image-2025-06-27-at-09.37.17-140x300.jpeg 140w, https:\/\/alfalux.com.br\/wp-content\/uploads\/2025\/06\/WhatsApp-Image-2025-06-27-at-09.37.17-717x1536.jpeg 717w, https:\/\/alfalux.com.br\/wp-content\/uploads\/2025\/06\/WhatsApp-Image-2025-06-27-at-09.37.17.jpeg 747w\" sizes=\"auto, (max-width: 478px) 100vw, 478px\" \/><\/figure>\n<\/figure>\n\t\t<\/div>\n\t\t\t\t<\/article>\n\t\t\t\t<\/div>\n\t\t\n\t\t\t\t<div class=\"e-load-more-anchor\" data-page=\"1\" data-max-page=\"7\" data-next-page=\"https:\/\/alfalux.com.br\/en\/wp-json\/wp\/v2\/pages\/3109\/page\/2\/\"><\/div>\n\t\t\t\t<nav class=\"elementor-pagination\" aria-label=\"Pagination\">\n\t\t\t<span aria-current=\"page\" class=\"page-numbers current\"><span class=\"elementor-screen-only\">Page<\/span>1<\/span>\n<a class=\"page-numbers\" href=\"https:\/\/alfalux.com.br\/en\/wp-json\/wp\/v2\/pages\/3109\/page\/2\/\"><span class=\"elementor-screen-only\">Page<\/span>2<\/a>\n<a class=\"page-numbers\" href=\"https:\/\/alfalux.com.br\/en\/wp-json\/wp\/v2\/pages\/3109\/page\/3\/\"><span class=\"elementor-screen-only\">Page<\/span>3<\/a>\n<a class=\"page-numbers\" href=\"https:\/\/alfalux.com.br\/en\/wp-json\/wp\/v2\/pages\/3109\/page\/4\/\"><span class=\"elementor-screen-only\">Page<\/span>4<\/a>\n<a class=\"page-numbers\" href=\"https:\/\/alfalux.com.br\/en\/wp-json\/wp\/v2\/pages\/3109\/page\/5\/\"><span class=\"elementor-screen-only\">Page<\/span>5<\/a>\t\t<\/nav>\n\t\t\t\t\t\t<\/div>\n\t\t\t\t<\/div>\n\t\t\t\t\t<\/div>\n\t\t<\/div>\n\t\t\t\t\t<\/div>\n\t\t<\/section>\n\t\t\t\t<\/div>","protected":false},"excerpt":{"rendered":"","protected":false},"author":1,"featured_media":2784,"parent":0,"menu_order":4,"comment_status":"closed","ping_status":"closed","template":"","meta":{"site-sidebar-layout":"no-sidebar","site-content-layout":"page-builder","ast-global-header-display":"","ast-banner-title-visibility":"","ast-main-header-display":"","ast-hfb-above-header-display":"","ast-hfb-below-header-display":"","ast-hfb-mobile-header-display":"","site-post-title":"disabled","ast-breadcrumbs-content":"","ast-featured-img":"disabled","footer-sml-layout":"","theme-transparent-header-meta":"","adv-header-id-meta":"","stick-header-meta":"","header-above-stick-meta":"","header-main-stick-meta":"","header-below-stick-meta":"","footnotes":"","_wp_rev_ctl_limit":""},"class_list":["post-3109","page","type-page","status-publish","has-post-thumbnail","hentry"],"_links":{"self":[{"href":"https:\/\/alfalux.com.br\/en\/wp-json\/wp\/v2\/pages\/3109","targetHints":{"allow":["GET"]}}],"collection":[{"href":"https:\/\/alfalux.com.br\/en\/wp-json\/wp\/v2\/pages"}],"about":[{"href":"https:\/\/alfalux.com.br\/en\/wp-json\/wp\/v2\/types\/page"}],"author":[{"embeddable":true,"href":"https:\/\/alfalux.com.br\/en\/wp-json\/wp\/v2\/users\/1"}],"replies":[{"embeddable":true,"href":"https:\/\/alfalux.com.br\/en\/wp-json\/wp\/v2\/comments?post=3109"}],"version-history":[{"count":0,"href":"https:\/\/alfalux.com.br\/en\/wp-json\/wp\/v2\/pages\/3109\/revisions"}],"wp:featuredmedia":[{"embeddable":true,"href":"https:\/\/alfalux.com.br\/en\/wp-json\/wp\/v2\/media\/2784"}],"wp:attachment":[{"href":"https:\/\/alfalux.com.br\/en\/wp-json\/wp\/v2\/media?parent=3109"}],"curies":[{"name":"wp","href":"https:\/\/api.w.org\/{rel}","templated":true}]}}